{"id":40,"date":"2023-09-06T16:00:06","date_gmt":"2023-09-06T16:00:06","guid":{"rendered":"https:\/\/selviva.com\/?page_id=40"},"modified":"2024-01-25T19:27:05","modified_gmt":"2024-01-25T19:27:05","slug":"historia","status":"publish","type":"page","link":"https:\/\/selviva.com\/index.php\/historia\/","title":{"rendered":"Historia"},"content":{"rendered":"\t\t<div data-elementor-type=\"wp-page\" data-elementor-id=\"40\" class=\"elementor elementor-40\">\n\t\t\t\t<div class=\"elementor-element elementor-element-84493eb e-flex e-con-boxed e-con e-parent\" data-id=\"84493eb\" data-element_type=\"container\">\n\t\t\t\t\t<div class=\"e-con-inner\">\n\t\t\t\t<div class=\"elementor-element elementor-element-6804246 elementor-widget elementor-widget-image\" data-id=\"6804246\" data-element_type=\"widget\" data-widget_type=\"image.default\">\n\t\t\t\t<div class=\"elementor-widget-container\">\n\t\t\t<style>\/*! elementor - v3.23.0 - 05-08-2024 *\/\n.elementor-widget-image{text-align:center}.elementor-widget-image a{display:inline-block}.elementor-widget-image a img[src$=\".svg\"]{width:48px}.elementor-widget-image img{vertical-align:middle;display:inline-block}<\/style>\t\t\t\t\t\t\t\t\t\t<img fetchpriority=\"high\" decoding=\"async\" width=\"2500\" height=\"1080\" src=\"https:\/\/selviva.com\/wp-content\/uploads\/2024\/01\/3.png\" class=\"attachment-full size-full wp-image-367\" alt=\"\" srcset=\"https:\/\/selviva.com\/wp-content\/uploads\/2024\/01\/3.png 2500w, https:\/\/selviva.com\/wp-content\/uploads\/2024\/01\/3-300x130.png 300w, https:\/\/selviva.com\/wp-content\/uploads\/2024\/01\/3-1024x442.png 1024w, https:\/\/selviva.com\/wp-content\/uploads\/2024\/01\/3-768x332.png 768w, https:\/\/selviva.com\/wp-content\/uploads\/2024\/01\/3-1536x664.png 1536w, https:\/\/selviva.com\/wp-content\/uploads\/2024\/01\/3-2048x885.png 2048w, https:\/\/selviva.com\/wp-content\/uploads\/2024\/01\/3-600x259.png 600w\" sizes=\"(max-width: 2500px) 100vw, 2500px\" \/>\t\t\t\t\t\t\t\t\t\t\t\t\t<\/div>\n\t\t\t\t<\/div>\n\t\t\t\t<div class=\"elementor-element elementor-element-85b1e3d elementor-widget elementor-widget-spacer\" data-id=\"85b1e3d\" data-element_type=\"widget\" data-widget_type=\"spacer.default\">\n\t\t\t\t<div class=\"elementor-widget-container\">\n\t\t\t<style>\/*! elementor - v3.23.0 - 05-08-2024 *\/\n.elementor-column .elementor-spacer-inner{height:var(--spacer-size)}.e-con{--container-widget-width:100%}.e-con-inner>.elementor-widget-spacer,.e-con>.elementor-widget-spacer{width:var(--container-widget-width,var(--spacer-size));--align-self:var(--container-widget-align-self,initial);--flex-shrink:0}.e-con-inner>.elementor-widget-spacer>.elementor-widget-container,.e-con>.elementor-widget-spacer>.elementor-widget-container{height:100%;width:100%}.e-con-inner>.elementor-widget-spacer>.elementor-widget-container>.elementor-spacer,.e-con>.elementor-widget-spacer>.elementor-widget-container>.elementor-spacer{height:100%}.e-con-inner>.elementor-widget-spacer>.elementor-widget-container>.elementor-spacer>.elementor-spacer-inner,.e-con>.elementor-widget-spacer>.elementor-widget-container>.elementor-spacer>.elementor-spacer-inner{height:var(--container-widget-height,var(--spacer-size))}.e-con-inner>.elementor-widget-spacer.elementor-widget-empty,.e-con>.elementor-widget-spacer.elementor-widget-empty{position:relative;min-height:22px;min-width:22px}.e-con-inner>.elementor-widget-spacer.elementor-widget-empty .elementor-widget-empty-icon,.e-con>.elementor-widget-spacer.elementor-widget-empty .elementor-widget-empty-icon{position:absolute;top:0;bottom:0;left:0;right:0;margin:auto;padding:0;width:22px;height:22px}<\/style>\t\t<div class=\"elementor-spacer\">\n\t\t\t<div class=\"elementor-spacer-inner\"><\/div>\n\t\t<\/div>\n\t\t\t\t<\/div>\n\t\t\t\t<\/div>\n\t\t\t\t\t<\/div>\n\t\t\t\t<\/div>\n\t\t<div class=\"elementor-element elementor-element-ac2c83e e-flex e-con-boxed e-con e-parent\" data-id=\"ac2c83e\" data-element_type=\"container\">\n\t\t\t\t\t<div class=\"e-con-inner\">\n\t\t<div class=\"elementor-element elementor-element-5c56a50 e-con-full e-flex e-con e-parent\" data-id=\"5c56a50\" data-element_type=\"container\">\n\t\t\t\t<div class=\"elementor-element elementor-element-c09dac7 elementor-widget elementor-widget-image\" data-id=\"c09dac7\" data-element_type=\"widget\" data-widget_type=\"image.default\">\n\t\t\t\t<div class=\"elementor-widget-container\">\n\t\t\t\t\t\t\t\t\t\t\t\t\t<img decoding=\"async\" width=\"410\" height=\"1024\" src=\"https:\/\/selviva.com\/wp-content\/uploads\/2024\/01\/Historia-Selviva-410x1024.png\" class=\"attachment-large size-large wp-image-371\" alt=\"\" srcset=\"https:\/\/selviva.com\/wp-content\/uploads\/2024\/01\/Historia-Selviva-410x1024.png 410w, https:\/\/selviva.com\/wp-content\/uploads\/2024\/01\/Historia-Selviva-120x300.png 120w, https:\/\/selviva.com\/wp-content\/uploads\/2024\/01\/Historia-Selviva.png 500w\" sizes=\"(max-width: 410px) 100vw, 410px\" \/>\t\t\t\t\t\t\t\t\t\t\t\t\t<\/div>\n\t\t\t\t<\/div>\n\t\t\t\t<\/div>\n\t\t<div class=\"elementor-element elementor-element-fc5a7e1 e-con-full e-flex e-con e-parent\" data-id=\"fc5a7e1\" data-element_type=\"container\">\n\t\t\t\t<div class=\"elementor-element elementor-element-68671b3 elementor-widget elementor-widget-text-editor\" data-id=\"68671b3\" data-element_type=\"widget\" data-widget_type=\"text-editor.default\">\n\t\t\t\t<div class=\"elementor-widget-container\">\n\t\t\t<style>\/*! elementor - v3.23.0 - 05-08-2024 *\/\n.elementor-widget-text-editor.elementor-drop-cap-view-stacked .elementor-drop-cap{background-color:#69727d;color:#fff}.elementor-widget-text-editor.elementor-drop-cap-view-framed .elementor-drop-cap{color:#69727d;border:3px solid;background-color:transparent}.elementor-widget-text-editor:not(.elementor-drop-cap-view-default) .elementor-drop-cap{margin-top:8px}.elementor-widget-text-editor:not(.elementor-drop-cap-view-default) .elementor-drop-cap-letter{width:1em;height:1em}.elementor-widget-text-editor .elementor-drop-cap{float:left;text-align:center;line-height:1;font-size:50px}.elementor-widget-text-editor .elementor-drop-cap-letter{display:inline-block}<\/style>\t\t\t\t<p>Selviva nace en 2016 con un proyecto educativo realizado en la Universidad del \u00c1rea Andina en la que se identific\u00f3 una necesidad de consumo saludable con frutos ex\u00f3ticos de la selva amaz\u00f3nica colombiana que no se encontraban en su momento al interior del pa\u00eds.\u00a0<\/p><p>Posteriormente, en 2018 se legaliza como empresa en la C\u00e1mara de Comercio de Bogot\u00e1 y se incluye un proyecto social en el que se apoya a campesinos y comunidades ind\u00edgenas que sustituyeron cultivos il\u00edcitos por cultivos de Sacha Inchi, los cuales generan ingresos de forma legal. As\u00ed mismo, nos especializamos en la comercializaci\u00f3n de Sacha Inchi en varias formas: aceite, tostado, harina, malteada, entre otros.\u00a0<\/p><p>En 2019, participamos en la Feria de Emprendedores de Terpel y hacemos la apertura de redes sociales en las que se crea contenido para promover los productos y vender por medio de whatsapp e instagram.<\/p><p>En el 2020, lleg\u00f3 el covid19 y el confinamiento, as\u00ed que tuvimos que aumentar la presencia y el contenido compartido en las redes sociales para realizar ventas a distancia. Adicionalmente, a mediados del a\u00f1o nos llega la invitaci\u00f3n para participar en la Feria del Hogar 2020 por parte de la C\u00e1mara de Comercio de Bogot\u00e1, as\u00ed que aplicamos y participamos en la por primera vez en una de las ferias m\u00e1s grandes de Bogot\u00e1 en donde hicimos contactos importantes para distribuir nuestros productos en tiendas f\u00edsicas. Posteriormente, en el 2021 se implementa la primera tienda Selviva en Usaqu\u00e9n y participamos nuevamente en el Feria del Hogar. Tambi\u00e9n hicimos parte del Grupo Fundaci\u00f3n Social y se realizaron kits empresariales de fin de a\u00f1o para todos los empleados.\u00a0<\/p><p>Por otra parte, en el 2022 ingresamos a Zona Casera con la C\u00e1mara de Comercio de Bogot\u00e1, hacemos el lanzamiento de nuestra p\u00e1gina web con dominio propio para ventas en l\u00ednea y participamos en la Feria del Hogar logrando nuevas alianzas comerciales.<\/p><p>Actualmente, tenemos nuevos puntos de distribuci\u00f3n, abrimos tienda virtual con Rocketfy y participamos en AgroExpo 2023 logrando contactos comerciales importantes.<\/p>\t\t\t\t\t\t<\/div>\n\t\t\t\t<\/div>\n\t\t\t\t<\/div>\n\t\t\t\t\t<\/div>\n\t\t\t\t<\/div>\n\t\t\t\t<\/div>\n\t\t","protected":false},"excerpt":{"rendered":"<p>Selviva nace en 2016 con un proyecto educativo realizado en la Universidad del \u00c1rea Andina en la que se identific\u00f3 una necesidad de consumo saludable con frutos ex\u00f3ticos de la selva amaz\u00f3nica colombiana que no se encontraban en su momento al interior del pa\u00eds.\u00a0 Posteriormente, en 2018 se legaliza como empresa en la C\u00e1mara de [&hellip;]<\/p>\n","protected":false},"author":1,"featured_media":0,"parent":0,"menu_order":0,"comment_status":"closed","ping_status":"closed","template":"","meta":{"om_disable_all_campaigns":false,"site-sidebar-layout":"no-sidebar","site-content-layout":"","ast-site-content-layout":"full-width-container","site-content-style":"default","site-sidebar-style":"default","ast-global-header-display":"","ast-banner-title-visibility":"","ast-main-header-display":"","ast-hfb-above-header-display":"","ast-hfb-below-header-display":"","ast-hfb-mobile-header-display":"","site-post-title":"disabled","ast-breadcrumbs-content":"","ast-featured-img":"disabled","footer-sml-layout":"","theme-transparent-header-meta":"","adv-header-id-meta":"","stick-header-meta":"","header-above-stick-meta":"","header-main-stick-meta":"","header-below-stick-meta":"","astra-migrate-meta-layouts":"default","ast-page-background-enabled":"default","ast-page-background-meta":{"desktop":{"background-color":"var(--ast-global-color-4)","background-image":"","background-repeat":"repeat","background-position":"center center","background-size":"auto","background-attachment":"scroll","background-type":"","background-media":"","overlay-type":"","overlay-color":"","overlay-opacity":"","overlay-gradient":""},"tablet":{"background-color":"","background-image":"","background-repeat":"repeat","background-position":"center center","background-size":"auto","background-attachment":"scroll","background-type":"","background-media":"","overlay-type":"","overlay-color":"","overlay-opacity":"","overlay-gradient":""},"mobile":{"background-color":"","background-image":"","background-repeat":"repeat","background-position":"center center","background-size":"auto","background-attachment":"scroll","background-type":"","background-media":"","overlay-type":"","overlay-color":"","overlay-opacity":"","overlay-gradient":""}},"ast-content-background-meta":{"desktop":{"background-color":"var(--ast-global-color-5)","background-image":"","background-repeat":"repeat","background-position":"center center","background-size":"auto","background-attachment":"scroll","background-type":"","background-media":"","overlay-type":"","overlay-color":"","overlay-opacity":"","overlay-gradient":""},"tablet":{"background-color":"var(--ast-global-color-5)","background-image":"","background-repeat":"repeat","background-position":"center center","background-size":"auto","background-attachment":"scroll","background-type":"","background-media":"","overlay-type":"","overlay-color":"","overlay-opacity":"","overlay-gradient":""},"mobile":{"background-color":"var(--ast-global-color-5)","background-image":"","background-repeat":"repeat","background-position":"center center","background-size":"auto","background-attachment":"scroll","background-type":"","background-media":"","overlay-type":"","overlay-color":"","overlay-opacity":"","overlay-gradient":""}},"footnotes":""},"class_list":["post-40","page","type-page","status-publish","hentry"],"aioseo_notices":[],"_links":{"self":[{"href":"https:\/\/selviva.com\/index.php\/wp-json\/wp\/v2\/pages\/40"}],"collection":[{"href":"https:\/\/selviva.com\/index.php\/wp-json\/wp\/v2\/pages"}],"about":[{"href":"https:\/\/selviva.com\/index.php\/wp-json\/wp\/v2\/types\/page"}],"author":[{"embeddable":true,"href":"https:\/\/selviva.com\/index.php\/wp-json\/wp\/v2\/users\/1"}],"replies":[{"embeddable":true,"href":"https:\/\/selviva.com\/index.php\/wp-json\/wp\/v2\/comments?post=40"}],"version-history":[{"count":15,"href":"https:\/\/selviva.com\/index.php\/wp-json\/wp\/v2\/pages\/40\/revisions"}],"predecessor-version":[{"id":484,"href":"https:\/\/selviva.com\/index.php\/wp-json\/wp\/v2\/pages\/40\/revisions\/484"}],"wp:attachment":[{"href":"https:\/\/selviva.com\/index.php\/wp-json\/wp\/v2\/media?parent=40"}],"curies":[{"name":"wp","href":"https:\/\/api.w.org\/{rel}","templated":true}]}}